{"id":28,"date":"2025-03-31T15:58:55","date_gmt":"2025-03-31T15:58:55","guid":{"rendered":"https:\/\/dev.kadrovsko-svetovanje.si\/?page_id=28"},"modified":"2025-04-03T17:08:44","modified_gmt":"2025-04-03T17:08:44","slug":"o-nas","status":"publish","type":"page","link":"https:\/\/kadrovsko-svetovanje.si\/index.php\/o-nas\/","title":{"rendered":"O nas"},"content":{"rendered":"\n[et_pb_section fb_built=&#8221;1&#8243; _builder_version=&#8221;4.27.4&#8243; _module_preset=&#8221;default&#8221; background_color=&#8221;#000000&#8243; use_background_color_gradient=&#8221;on&#8221; background_color_gradient_direction=&#8221;128deg&#8221; background_color_gradient_stops=&#8221;#10161d 63%|#344550 100%&#8221; background_image=&#8221;https:\/\/kadrovsko-svetovanje.si\/wp-content\/uploads\/2025\/04\/circles.png&#8221; custom_padding=&#8221;80px||80px||false|false&#8221; global_colors_info=&#8221;{}&#8221;][et_pb_row column_structure=&#8221;1_4,1_2,1_4&#8243; _builder_version=&#8221;4.27.4&#8243; _module_preset=&#8221;default&#8221; custom_margin=&#8221;0px||0px||false|false&#8221; custom_padding=&#8221;0px||0px||false|false&#8221; global_colors_info=&#8221;{}&#8221;][et_pb_column type=&#8221;1_4&#8243; _builder_version=&#8221;4.27.4&#8243; _module_preset=&#8221;default&#8221; global_colors_info=&#8221;{}&#8221;][\/et_pb_column][et_pb_column type=&#8221;1_2&#8243; _builder_version=&#8221;4.27.4&#8243; _module_preset=&#8221;default&#8221; global_colors_info=&#8221;{}&#8221;][et_pb_text _builder_version=&#8221;4.27.4&#8243; _module_preset=&#8221;default&#8221; text_letter_spacing=&#8221;6px&#8221; text_orientation=&#8221;center&#8221; custom_margin=&#8221;||16px||false|false&#8221; global_colors_info=&#8221;{}&#8221;]<p>SPOZNAJTE NAS<\/p>[\/et_pb_text][et_pb_text _builder_version=&#8221;4.27.4&#8243; _module_preset=&#8221;default&#8221; header_font=&#8221;|800|||||||&#8221; header_text_align=&#8221;center&#8221; header_text_color=&#8221;#FFFFFF&#8221; header_font_size=&#8221;56px&#8221; header_line_height=&#8221;1.1em&#8221; custom_margin=&#8221;||24px||false|false&#8221; header_font_size_tablet=&#8221;56px&#8221; header_font_size_phone=&#8221;40px&#8221; header_font_size_last_edited=&#8221;on|phone&#8221; global_colors_info=&#8221;{}&#8221;]<h1>O nas<\/h1>[\/et_pb_text][et_pb_text _builder_version=&#8221;4.27.4&#8243; _module_preset=&#8221;default&#8221; text_text_color=&#8221;#FFFFFF&#8221; header_3_text_align=&#8221;center&#8221; header_3_text_color=&#8221;#FFFFFF&#8221; header_3_font_size=&#8221;18px&#8221; header_3_line_height=&#8221;1.5em&#8221; width=&#8221;100%&#8221; global_colors_info=&#8221;{}&#8221;]<h3>Na\u0161a ekipa zdru\u017euje strokovnost, izku\u0161nje in osebni pristop, kar nam omogo\u010da, da za vsako podjetje poi\u0161\u010demo najbolj\u0161e in najbolj smiselne re\u0161itve. Z nami pridobite zanesljivega partnerja, ki razume va\u0161e izzive in poskrbi, da so kadrovski procesi v va\u0161em podjetju jasni, u\u010dinkoviti in skladni z zakonodajo.<\/h3>[\/et_pb_text][et_pb_button button_url=&#8221;@ET-DC@eyJkeW5hbWljIjp0cnVlLCJjb250ZW50IjoicG9zdF9saW5rX3VybF9wYWdlIiwic2V0dGluZ3MiOnsicG9zdF9pZCI6IjMwIn19@&#8221; button_text=&#8221;Kontaktirajte nas&#8221; button_alignment=&#8221;center&#8221; admin_label=&#8221;Button &#8211; Log In&#8221; _builder_version=&#8221;4.27.4&#8243; _dynamic_attributes=&#8221;button_url&#8221; _module_preset=&#8221;default&#8221; custom_button=&#8221;on&#8221; button_text_size=&#8221;12px&#8221; button_text_color=&#8221;#FFFFFF&#8221; button_bg_use_color_gradient=&#8221;on&#8221; button_bg_color_gradient_direction=&#8221;215deg&#8221; button_bg_color_gradient_stops=&#8221;#941a25 0%|#e31e37 100%&#8221; button_border_width=&#8221;0px&#8221; button_border_color=&#8221;#2C3333&#8243; button_border_radius=&#8221;3px&#8221; button_font=&#8221;&#8211;et_global_body_font|700|||||||&#8221; button_use_icon=&#8221;off&#8221; custom_margin=&#8221;|16px|0px||false|false&#8221; custom_padding=&#8221;13px|40px|13px|40px|true|true&#8221; box_shadow_style=&#8221;preset3&#8243; box_shadow_vertical=&#8221;3px&#8221; box_shadow_blur=&#8221;10px&#8221; box_shadow_color=&#8221;rgba(0,0,0,0.15)&#8221; locked=&#8221;off&#8221; global_colors_info=&#8221;%91%93&#8243; custom_padding__hover_enabled=&#8221;on|desktop&#8221; custom_padding__hover=&#8221;|40px||40px|false|false&#8221; button_bg_color__hover_enabled=&#8221;on|hover&#8221; button_bg_use_color_gradient__hover=&#8221;on&#8221; button_bg_color__hover=&#8221;#941A25&#8243; button_bg_enable_color__hover=&#8221;on&#8221; button_bg_color_gradient_stops__hover=&#8221;#941a25 0%|#e31e37 100%&#8221; button_bg_color_gradient_direction__hover=&#8221;21deg&#8221;][\/et_pb_button][\/et_pb_column][et_pb_column type=&#8221;1_4&#8243; _builder_version=&#8221;4.27.4&#8243; _module_preset=&#8221;default&#8221; global_colors_info=&#8221;{}&#8221;][\/et_pb_column][\/et_pb_row][\/et_pb_section][et_pb_section fb_built=&#8221;1&#8243; module_id=&#8221;storitve&#8221; _builder_version=&#8221;4.27.4&#8243; _module_preset=&#8221;default&#8221; background_color=&#8221;#FFFFFF&#8221; background_enable_image=&#8221;off&#8221; custom_margin=&#8221;0px||0px||false|false&#8221; custom_padding=&#8221;0px||0px||false|false&#8221; global_colors_info=&#8221;{}&#8221;][et_pb_row column_structure=&#8221;1_2,1_2&#8243; make_equal=&#8221;on&#8221; _builder_version=&#8221;4.27.4&#8243; _module_preset=&#8221;default&#8221; background_enable_color=&#8221;off&#8221; position_origin_r=&#8221;bottom_left&#8221; custom_margin=&#8221;||||false|false&#8221; custom_padding=&#8221;0px|0px|0px|0px|true|true&#8221; hover_enabled=&#8221;0&#8243; global_colors_info=&#8221;{}&#8221; sticky_enabled=&#8221;0&#8243;][et_pb_column type=&#8221;1_2&#8243; disabled_on=&#8221;on|on|off&#8221; _builder_version=&#8221;4.27.4&#8243; _module_preset=&#8221;default&#8221; background_image=&#8221;https:\/\/kadrovsko-svetovanje.si\/wp-content\/uploads\/2025\/04\/alenka-maher-1-1.png&#8221; hover_enabled=&#8221;0&#8243; global_colors_info=&#8221;{}&#8221; title_text=&#8221;alenka-maher (1)&#8221; sticky_enabled=&#8221;0&#8243;][\/et_pb_column][et_pb_column type=&#8221;1_2&#8243; _builder_version=&#8221;4.27.4&#8243; _module_preset=&#8221;default&#8221; custom_padding=&#8221;80px|40px|80px|24px|false|false&#8221; background_last_edited=&#8221;on|tablet&#8221; use_background_color_gradient_tablet=&#8221;off&#8221; background_color_gradient_overlays_image_tablet=&#8221;on&#8221; background_enable_image_tablet=&#8221;off&#8221; background_blend_tablet=&#8221;normal&#8221; global_colors_info=&#8221;{}&#8221;][et_pb_text _builder_version=&#8221;4.27.4&#8243; _module_preset=&#8221;default&#8221; text_font=&#8221;|300|||||||&#8221; text_text_color=&#8221;#10161D&#8221; text_font_size=&#8221;32px&#8221; text_line_height=&#8221;1.3em&#8221; custom_margin=&#8221;||24px||false|false&#8221; global_colors_info=&#8221;{}&#8221;]<p>Alenka Maher, <br \/>univ. dipl. psih.<\/p>[\/et_pb_text][et_pb_text _builder_version=&#8221;4.27.4&#8243; _module_preset=&#8221;default&#8221; text_text_color=&#8221;#10161D&#8221; text_font_size=&#8221;20px&#8221; header_3_text_color=&#8221;#C6D2DB&#8221; header_3_font_size=&#8221;18px&#8221; header_3_line_height=&#8221;1.5em&#8221; hover_enabled=&#8221;0&#8243; global_colors_info=&#8221;{}&#8221; text_font=&#8221;|300|on||||||&#8221; sticky_enabled=&#8221;0&#8243;]<p>Ustanoviteljica in vodilna strokovnjakinja<\/p>[\/et_pb_text][et_pb_text _builder_version=&#8221;4.27.4&#8243; _module_preset=&#8221;default&#8221; text_text_color=&#8221;#10161D&#8221; text_font_size=&#8221;16px&#8221; header_3_text_color=&#8221;#C6D2DB&#8221; header_3_font_size=&#8221;18px&#8221; header_3_line_height=&#8221;1.5em&#8221; global_colors_info=&#8221;{}&#8221;]<p>Alenka Maher je ustanoviteljica Kadrovskega in\u017eeniringa in priznana strokovnjakinja na podro\u010dju kadrovskega svetovanja. Svoje dolgoletne izku\u0161nje je pridobila kot vodja kadrovskih slu\u017eb v ve\u010djih podjetjih, kjer je oblikovala in vodila strate\u0161ke kadrovske procese. \u017de ve\u010d kot 20 let svetuje podjetjem vseh velikosti pri sistemizaciji delovnih mest, pla\u010dnih sistemih, pravni ureditvi in optimizaciji kadrovskih procesov. Njeno delo temelji na prakti\u010dnih re\u0161itvah, prilagojenih potrebam podjetij, s poudarkom na u\u010dinkovitosti in skladnosti z zakonodajo.<\/p>[\/et_pb_text][\/et_pb_column][\/et_pb_row][\/et_pb_section][et_pb_section fb_built=&#8221;1&#8243; module_id=&#8221;storitve&#8221; _builder_version=&#8221;4.27.4&#8243; _module_preset=&#8221;default&#8221; background_color=&#8221;#e9eff4&#8243; background_enable_image=&#8221;off&#8221; custom_margin=&#8221;0px||0px||false|false&#8221; custom_padding=&#8221;0px||0px||false|false&#8221; hover_enabled=&#8221;0&#8243; global_colors_info=&#8221;{}&#8221; sticky_enabled=&#8221;0&#8243;][et_pb_row column_structure=&#8221;1_2,1_2&#8243; make_equal=&#8221;on&#8221; _builder_version=&#8221;4.27.4&#8243; _module_preset=&#8221;default&#8221; background_enable_color=&#8221;off&#8221; position_origin_r=&#8221;bottom_left&#8221; custom_margin=&#8221;0px|auto|0px|auto|false|false&#8221; custom_padding=&#8221;0px|0px|0px|0px|true|true&#8221; hover_enabled=&#8221;0&#8243; global_colors_info=&#8221;{}&#8221; sticky_enabled=&#8221;0&#8243;][et_pb_column type=&#8221;1_2&#8243; _builder_version=&#8221;4.27.4&#8243; _module_preset=&#8221;default&#8221; custom_padding=&#8221;80px|24px|80px|40px|false|false&#8221; background_last_edited=&#8221;on|tablet&#8221; use_background_color_gradient_tablet=&#8221;off&#8221; background_color_gradient_overlays_image_tablet=&#8221;on&#8221; background_enable_image_tablet=&#8221;off&#8221; background_blend_tablet=&#8221;normal&#8221; global_colors_info=&#8221;{}&#8221;][et_pb_text _builder_version=&#8221;4.27.4&#8243; _module_preset=&#8221;default&#8221; text_font=&#8221;|300|||||||&#8221; text_text_color=&#8221;#10161D&#8221; text_font_size=&#8221;32px&#8221; text_line_height=&#8221;1.3em&#8221; custom_margin=&#8221;||24px||false|false&#8221; global_colors_info=&#8221;{}&#8221;]<p>Luc Horvat,<br \/>dipl. psih.<\/p>[\/et_pb_text][et_pb_text _builder_version=&#8221;4.27.4&#8243; _module_preset=&#8221;default&#8221; text_text_color=&#8221;#10161D&#8221; text_font_size=&#8221;20px&#8221; header_3_text_color=&#8221;#C6D2DB&#8221; header_3_font_size=&#8221;18px&#8221; header_3_line_height=&#8221;1.5em&#8221; hover_enabled=&#8221;0&#8243; global_colors_info=&#8221;{}&#8221; text_font=&#8221;|300|on||||||&#8221; sticky_enabled=&#8221;0&#8243;]<p>Strokovnjak za kadrovsko svetovanje<\/p>[\/et_pb_text][et_pb_text _builder_version=&#8221;4.27.4&#8243; _module_preset=&#8221;default&#8221; text_text_color=&#8221;#10161D&#8221; text_font_size=&#8221;16px&#8221; header_3_text_color=&#8221;#C6D2DB&#8221; header_3_font_size=&#8221;18px&#8221; header_3_line_height=&#8221;1.5em&#8221; global_colors_info=&#8221;{}&#8221;]<p>Luc Horvat je izku\u0161en kadrovski svetovalec, ki se osredoto\u010da na celovite kadrovske re\u0161itve za mala in velika podjetja. Ima bogate izku\u0161nje s sistemizacijo delovnih mest, pravno ureditvijo in optimizacijo kadrovskih procesov, kjer pomaga podjetjem vzpostaviti u\u010dinkovite in zakonite kadrovske strukture. Njegov pristop zdru\u017euje strokovnost, analiti\u010dnost in prilagodljivost, kar omogo\u010da iskanje najbolj\u0161ih re\u0161itev za vsako podjetje posebej.<\/p>[\/et_pb_text][\/et_pb_column][et_pb_column type=&#8221;1_2&#8243; disabled_on=&#8221;on|on|off&#8221; _builder_version=&#8221;4.27.4&#8243; _module_preset=&#8221;default&#8221; background_image=&#8221;https:\/\/kadrovsko-svetovanje.si\/wp-content\/uploads\/2025\/04\/luc-horvat-1.png&#8221; background_position=&#8221;center_left&#8221; hover_enabled=&#8221;0&#8243; global_colors_info=&#8221;{}&#8221; title_text=&#8221;luc-horvat (1)&#8221; sticky_enabled=&#8221;0&#8243;][\/et_pb_column][\/et_pb_row][\/et_pb_section][et_pb_section fb_built=&#8221;1&#8243; _builder_version=&#8221;4.27.4&#8243; _module_preset=&#8221;default&#8221; background_color=&#8221;#f2f5f7&#8243; background_image=&#8221;https:\/\/kadrovsko-svetovanje.si\/wp-content\/uploads\/2025\/03\/backround-circles.png&#8221; custom_padding=&#8221;80px||80px||false|false&#8221; global_colors_info=&#8221;{}&#8221;][et_pb_row _builder_version=&#8221;4.27.4&#8243; _module_preset=&#8221;default&#8221; custom_margin=&#8221;0px||0px||false|false&#8221; custom_padding=&#8221;0px||0px||false|false&#8221; global_colors_info=&#8221;{}&#8221;][et_pb_column type=&#8221;4_4&#8243; _builder_version=&#8221;4.27.4&#8243; _module_preset=&#8221;default&#8221; global_colors_info=&#8221;{}&#8221;][et_pb_icon font_icon=&#8221;&#xf4be;||fa||900&#8243; icon_color=&#8221;#FFFFFF&#8221; icon_width=&#8221;24px&#8221; _builder_version=&#8221;4.27.4&#8243; _module_preset=&#8221;default&#8221; use_background_color_gradient=&#8221;on&#8221; background_color_gradient_stops=&#8221;#941a25 0%|#e31e37 100%&#8221; custom_padding=&#8221;16px|16px|16px|16px|true|true&#8221; border_radii=&#8221;on|500px|500px|500px|500px&#8221; global_colors_info=&#8221;{}&#8221;][\/et_pb_icon][et_pb_text _builder_version=&#8221;4.27.4&#8243; _module_preset=&#8221;default&#8221; text_font=&#8221;|300|||||||&#8221; text_text_color=&#8221;#F2F5F7&#8243; text_font_size=&#8221;40px&#8221; text_line_height=&#8221;1.3em&#8221; header_2_text_align=&#8221;center&#8221; header_2_text_color=&#8221;#10161d&#8221; header_2_font_size=&#8221;40px&#8221; header_2_line_height=&#8221;1.2em&#8221; custom_margin=&#8221;||24px||false|false&#8221; global_colors_info=&#8221;{}&#8221;]<h2><strong>Spoznajte naju<\/strong> <br \/>tudi osebno.<\/h2>[\/et_pb_text][et_pb_button button_url=&#8221;@ET-DC@eyJkeW5hbWljIjp0cnVlLCJjb250ZW50IjoicG9zdF9saW5rX3VybF9wYWdlIiwic2V0dGluZ3MiOnsicG9zdF9pZCI6IjMwIn19@&#8221; button_text=&#8221;Kontaktirajte nas&#8221; button_alignment=&#8221;center&#8221; admin_label=&#8221;Button &#8211; Log In&#8221; _builder_version=&#8221;4.27.4&#8243; _dynamic_attributes=&#8221;button_url&#8221; _module_preset=&#8221;default&#8221; custom_button=&#8221;on&#8221; button_text_size=&#8221;12px&#8221; button_text_color=&#8221;#FFFFFF&#8221; button_bg_use_color_gradient=&#8221;on&#8221; button_bg_color_gradient_direction=&#8221;215deg&#8221; button_bg_color_gradient_stops=&#8221;#941a25 0%|#e31e37 100%&#8221; button_border_width=&#8221;0px&#8221; button_border_color=&#8221;#2C3333&#8243; button_border_radius=&#8221;3px&#8221; button_font=&#8221;&#8211;et_global_body_font|700|||||||&#8221; button_use_icon=&#8221;off&#8221; custom_margin=&#8221;|16px|0px||false|false&#8221; custom_padding=&#8221;13px|40px|13px|40px|true|true&#8221; box_shadow_style=&#8221;preset3&#8243; box_shadow_vertical=&#8221;3px&#8221; box_shadow_blur=&#8221;10px&#8221; box_shadow_color=&#8221;rgba(0,0,0,0.15)&#8221; locked=&#8221;off&#8221; global_colors_info=&#8221;%91%93&#8243; custom_padding__hover_enabled=&#8221;on|desktop&#8221; custom_padding__hover=&#8221;|40px||40px|false|false&#8221; button_bg_color__hover_enabled=&#8221;on|hover&#8221; button_bg_use_color_gradient__hover=&#8221;on&#8221; button_bg_color__hover=&#8221;#941A25&#8243; button_bg_enable_color__hover=&#8221;on&#8221; button_bg_color_gradient_stops__hover=&#8221;#941a25 0%|#e31e37 100%&#8221; button_bg_color_gradient_direction__hover=&#8221;21deg&#8221;][\/et_pb_button][\/et_pb_column][\/et_pb_row][\/et_pb_section]\n","protected":false},"excerpt":{"rendered":"<p>SPOZNAJTE NASO nasNa\u0161a ekipa zdru\u017euje strokovnost, izku\u0161nje in osebni pristop, kar nam omogo\u010da, da za vsako podjetje poi\u0161\u010demo najbolj\u0161e in najbolj smiselne re\u0161itve. Z nami pridobite zanesljivega partnerja, ki razume va\u0161e izzive in poskrbi, da so kadrovski procesi v va\u0161em podjetju jasni, u\u010dinkoviti in skladni z zakonodajo.Alenka Maher, univ. dipl. psih.Ustanoviteljica in vodilna strokovnjakinjaAlenka Maher [&hellip;]<\/p>\n","protected":false},"author":1,"featured_media":0,"parent":0,"menu_order":0,"comment_status":"closed","ping_status":"closed","template":"","meta":{"_et_pb_use_builder":"on","_et_pb_old_content":"<!-- wp:divi\/placeholder \/-->","_et_gb_content_width":"","footnotes":""},"class_list":["post-28","page","type-page","status-publish","hentry"],"yoast_head":"<!-- This site is optimized with the Yoast SEO plugin v27.4 - https:\/\/yoast.com\/product\/yoast-seo-wordpress\/ -->\r\n<title>O nas \u2013 izku\u0161eni strokovnjaki za kadrovsko svetovanje<\/title>\r\n<meta name=\"description\" content=\"Spoznajte ekipo Kadrovskega in\u017eeniringa. Povezujemo strokovno znanje in izku\u0161nje za u\u010dinkovite, prilagojene in zakonito skladne kadrovske re\u0161itve.\" \/>\r\n<meta name=\"robots\" content=\"index, follow, max-snippet:-1, max-image-preview:large, max-video-preview:-1\" \/>\r\n<link rel=\"canonical\" href=\"https:\/\/kadrovsko-svetovanje.si\/index.php\/o-nas\/\" \/>\r\n<meta property=\"og:locale\" content=\"en_US\" \/>\r\n<meta property=\"og:type\" content=\"article\" \/>\r\n<meta property=\"og:title\" content=\"O nas \u2013 izku\u0161eni strokovnjaki za kadrovsko svetovanje\" \/>\r\n<meta property=\"og:description\" content=\"Spoznajte ekipo Kadrovskega in\u017eeniringa. Povezujemo strokovno znanje in izku\u0161nje za u\u010dinkovite, prilagojene in zakonito skladne kadrovske re\u0161itve.\" \/>\r\n<meta property=\"og:url\" content=\"https:\/\/kadrovsko-svetovanje.si\/index.php\/o-nas\/\" \/>\r\n<meta property=\"og:site_name\" content=\"Kadrovski In\u017eeniring\" \/>\r\n<meta property=\"article:modified_time\" content=\"2025-04-03T17:08:44+00:00\" \/>\r\n<meta property=\"og:image\" content=\"https:\/\/kadrovsko-svetovanje.si\/wp-content\/uploads\/2025\/03\/hero-ki-1-scaled.jpg\" \/>\r\n\t<meta property=\"og:image:width\" content=\"2560\" \/>\r\n\t<meta property=\"og:image:height\" content=\"1122\" \/>\r\n\t<meta property=\"og:image:type\" content=\"image\/jpeg\" \/>\r\n<meta name=\"twitter:card\" content=\"summary_large_image\" \/>\r\n<meta name=\"twitter:label1\" content=\"Est. reading time\" \/>\n\t<meta name=\"twitter:data1\" content=\"1 minute\" \/>\r\n<script type=\"application\/ld+json\" class=\"yoast-schema-graph\">{\"@context\":\"https:\\\/\\\/schema.org\",\"@graph\":[{\"@type\":\"WebPage\",\"@id\":\"https:\\\/\\\/kadrovsko-svetovanje.si\\\/index.php\\\/o-nas\\\/\",\"url\":\"https:\\\/\\\/kadrovsko-svetovanje.si\\\/index.php\\\/o-nas\\\/\",\"name\":\"O nas \u2013 izku\u0161eni strokovnjaki za kadrovsko svetovanje\",\"isPartOf\":{\"@id\":\"https:\\\/\\\/kadrovsko-svetovanje.si\\\/#website\"},\"datePublished\":\"2025-03-31T15:58:55+00:00\",\"dateModified\":\"2025-04-03T17:08:44+00:00\",\"description\":\"Spoznajte ekipo Kadrovskega in\u017eeniringa. Povezujemo strokovno znanje in izku\u0161nje za u\u010dinkovite, prilagojene in zakonito skladne kadrovske re\u0161itve.\",\"breadcrumb\":{\"@id\":\"https:\\\/\\\/kadrovsko-svetovanje.si\\\/index.php\\\/o-nas\\\/#breadcrumb\"},\"inLanguage\":\"en-US\",\"potentialAction\":[{\"@type\":\"ReadAction\",\"target\":[\"https:\\\/\\\/kadrovsko-svetovanje.si\\\/index.php\\\/o-nas\\\/\"]}]},{\"@type\":\"BreadcrumbList\",\"@id\":\"https:\\\/\\\/kadrovsko-svetovanje.si\\\/index.php\\\/o-nas\\\/#breadcrumb\",\"itemListElement\":[{\"@type\":\"ListItem\",\"position\":1,\"name\":\"Home\",\"item\":\"https:\\\/\\\/kadrovsko-svetovanje.si\\\/\"},{\"@type\":\"ListItem\",\"position\":2,\"name\":\"O nas\"}]},{\"@type\":\"WebSite\",\"@id\":\"https:\\\/\\\/kadrovsko-svetovanje.si\\\/#website\",\"url\":\"https:\\\/\\\/kadrovsko-svetovanje.si\\\/\",\"name\":\"Kadrovski In\u017eeniring\",\"description\":\"Strokovna kadrovska podpora za podjetja \u2013 u\u010dinkovito, prilagojeno in skladno z zakonodajo\",\"potentialAction\":[{\"@type\":\"SearchAction\",\"target\":{\"@type\":\"EntryPoint\",\"urlTemplate\":\"https:\\\/\\\/kadrovsko-svetovanje.si\\\/?s={search_term_string}\"},\"query-input\":{\"@type\":\"PropertyValueSpecification\",\"valueRequired\":true,\"valueName\":\"search_term_string\"}}],\"inLanguage\":\"en-US\"}]}<\/script>\r\n<!-- \/ Yoast SEO plugin. -->","yoast_head_json":{"title":"O nas \u2013 izku\u0161eni strokovnjaki za kadrovsko svetovanje","description":"Spoznajte ekipo Kadrovskega in\u017eeniringa. Povezujemo strokovno znanje in izku\u0161nje za u\u010dinkovite, prilagojene in zakonito skladne kadrovske re\u0161itve.","robots":{"index":"index","follow":"follow","max-snippet":"max-snippet:-1","max-image-preview":"max-image-preview:large","max-video-preview":"max-video-preview:-1"},"canonical":"https:\/\/kadrovsko-svetovanje.si\/index.php\/o-nas\/","og_locale":"en_US","og_type":"article","og_title":"O nas \u2013 izku\u0161eni strokovnjaki za kadrovsko svetovanje","og_description":"Spoznajte ekipo Kadrovskega in\u017eeniringa. Povezujemo strokovno znanje in izku\u0161nje za u\u010dinkovite, prilagojene in zakonito skladne kadrovske re\u0161itve.","og_url":"https:\/\/kadrovsko-svetovanje.si\/index.php\/o-nas\/","og_site_name":"Kadrovski In\u017eeniring","article_modified_time":"2025-04-03T17:08:44+00:00","og_image":[{"width":2560,"height":1122,"url":"https:\/\/kadrovsko-svetovanje.si\/wp-content\/uploads\/2025\/03\/hero-ki-1-scaled.jpg","type":"image\/jpeg"}],"twitter_card":"summary_large_image","twitter_misc":{"Est. reading time":"1 minute"},"schema":{"@context":"https:\/\/schema.org","@graph":[{"@type":"WebPage","@id":"https:\/\/kadrovsko-svetovanje.si\/index.php\/o-nas\/","url":"https:\/\/kadrovsko-svetovanje.si\/index.php\/o-nas\/","name":"O nas \u2013 izku\u0161eni strokovnjaki za kadrovsko svetovanje","isPartOf":{"@id":"https:\/\/kadrovsko-svetovanje.si\/#website"},"datePublished":"2025-03-31T15:58:55+00:00","dateModified":"2025-04-03T17:08:44+00:00","description":"Spoznajte ekipo Kadrovskega in\u017eeniringa. Povezujemo strokovno znanje in izku\u0161nje za u\u010dinkovite, prilagojene in zakonito skladne kadrovske re\u0161itve.","breadcrumb":{"@id":"https:\/\/kadrovsko-svetovanje.si\/index.php\/o-nas\/#breadcrumb"},"inLanguage":"en-US","potentialAction":[{"@type":"ReadAction","target":["https:\/\/kadrovsko-svetovanje.si\/index.php\/o-nas\/"]}]},{"@type":"BreadcrumbList","@id":"https:\/\/kadrovsko-svetovanje.si\/index.php\/o-nas\/#breadcrumb","itemListElement":[{"@type":"ListItem","position":1,"name":"Home","item":"https:\/\/kadrovsko-svetovanje.si\/"},{"@type":"ListItem","position":2,"name":"O nas"}]},{"@type":"WebSite","@id":"https:\/\/kadrovsko-svetovanje.si\/#website","url":"https:\/\/kadrovsko-svetovanje.si\/","name":"Kadrovski In\u017eeniring","description":"Strokovna kadrovska podpora za podjetja \u2013 u\u010dinkovito, prilagojeno in skladno z zakonodajo","potentialAction":[{"@type":"SearchAction","target":{"@type":"EntryPoint","urlTemplate":"https:\/\/kadrovsko-svetovanje.si\/?s={search_term_string}"},"query-input":{"@type":"PropertyValueSpecification","valueRequired":true,"valueName":"search_term_string"}}],"inLanguage":"en-US"}]}},"_links":{"self":[{"href":"https:\/\/kadrovsko-svetovanje.si\/index.php\/wp-json\/wp\/v2\/pages\/28","targetHints":{"allow":["GET"]}}],"collection":[{"href":"https:\/\/kadrovsko-svetovanje.si\/index.php\/wp-json\/wp\/v2\/pages"}],"about":[{"href":"https:\/\/kadrovsko-svetovanje.si\/index.php\/wp-json\/wp\/v2\/types\/page"}],"author":[{"embeddable":true,"href":"https:\/\/kadrovsko-svetovanje.si\/index.php\/wp-json\/wp\/v2\/users\/1"}],"replies":[{"embeddable":true,"href":"https:\/\/kadrovsko-svetovanje.si\/index.php\/wp-json\/wp\/v2\/comments?post=28"}],"version-history":[{"count":7,"href":"https:\/\/kadrovsko-svetovanje.si\/index.php\/wp-json\/wp\/v2\/pages\/28\/revisions"}],"predecessor-version":[{"id":182,"href":"https:\/\/kadrovsko-svetovanje.si\/index.php\/wp-json\/wp\/v2\/pages\/28\/revisions\/182"}],"wp:attachment":[{"href":"https:\/\/kadrovsko-svetovanje.si\/index.php\/wp-json\/wp\/v2\/media?parent=28"}],"curies":[{"name":"wp","href":"https:\/\/api.w.org\/{rel}","templated":true}]}}