{"id":30,"date":"2025-03-31T15:59:07","date_gmt":"2025-03-31T15:59:07","guid":{"rendered":"https:\/\/dev.kadrovsko-svetovanje.si\/?page_id=30"},"modified":"2025-04-07T08:42:46","modified_gmt":"2025-04-07T08:42:46","slug":"kontakt","status":"publish","type":"page","link":"https:\/\/kadrovsko-svetovanje.si\/index.php\/kontakt\/","title":{"rendered":"Kontakt"},"content":{"rendered":"<p>[et_pb_section fb_built=&#8221;1&#8243; _builder_version=&#8221;4.27.4&#8243; _module_preset=&#8221;default&#8221; background_image=&#8221;https:\/\/kadrovsko-svetovanje.si\/wp-content\/uploads\/2025\/04\/hero-ki-kontakt.jpg&#8221; background_position=&#8221;top_center&#8221; custom_padding=&#8221;80px||80px|||&#8221; global_colors_info=&#8221;{}&#8221;][et_pb_row column_structure=&#8221;3_5,2_5&#8243; _builder_version=&#8221;4.27.4&#8243; _module_preset=&#8221;default&#8221; custom_margin=&#8221;||||false|false&#8221; global_colors_info=&#8221;{}&#8221;][et_pb_column type=&#8221;3_5&#8243; _builder_version=&#8221;4.27.4&#8243; _module_preset=&#8221;default&#8221; background_color=&#8221;#FFFFFF&#8221; custom_padding=&#8221;40px|24px|40px|24px|false|false&#8221; border_radii=&#8221;on|10px|10px|10px|10px&#8221; global_colors_info=&#8221;{}&#8221;][et_pb_text _builder_version=&#8221;4.27.4&#8243; _module_preset=&#8221;default&#8221; text_text_color=&#8221;#344550&#8243; text_letter_spacing=&#8221;6px&#8221; custom_margin=&#8221;||16px||false|false&#8221; global_colors_info=&#8221;{}&#8221;]<\/p>\n<p>STOPITE V STIK Z NAMI<\/p>\n<p>[\/et_pb_text][et_pb_text _builder_version=&#8221;4.27.4&#8243; _module_preset=&#8221;default&#8221; header_font=&#8221;|800|||||||&#8221; header_text_color=&#8221;#10161D&#8221; header_font_size=&#8221;56px&#8221; header_line_height=&#8221;1.1em&#8221; custom_margin=&#8221;||24px||false|false&#8221; header_font_size_tablet=&#8221;56px&#8221; header_font_size_phone=&#8221;40px&#8221; header_font_size_last_edited=&#8221;on|phone&#8221; global_colors_info=&#8221;{}&#8221;]<\/p>\n<h1>Kontaktirajte nas<\/h1>\n<p>[\/et_pb_text][et_pb_text _builder_version=&#8221;4.27.4&#8243; _module_preset=&#8221;default&#8221; text_text_color=&#8221;#344550&#8243; header_3_text_color=&#8221;#344550&#8243; header_3_font_size=&#8221;18px&#8221; header_3_line_height=&#8221;1.5em&#8221; width=&#8221;100%&#8221; global_colors_info=&#8221;{}&#8221;]<\/p>\n<h3><strong>Potrebujete strokovno kadrovsko svetovanje ali podporo pri upravljanju kadrovskih procesov?<\/strong><\/p>\n<p>Vedno smo dostopni za va\u0161a vpra\u0161anja in pripravljeni, da skupaj z vami poi\u0161\u010demo najbolj\u0161e re\u0161itve.<\/h3>\n<p>[\/et_pb_text][et_pb_blurb use_icon=&#8221;on&#8221; font_icon=&#8221;&#xe074;||divi||400&#8243; icon_color=&#8221;#FFFFFF&#8221; image_icon_background_color=&#8221;#E02B20&#8243; icon_placement=&#8221;left&#8221; image_icon_width=&#8221;16px&#8221; _builder_version=&#8221;4.27.4&#8243; _module_preset=&#8221;default&#8221; body_text_color=&#8221;#10161D&#8221; body_font_size=&#8221;16px&#8221; image_icon_custom_margin=&#8221;0px||||false|false&#8221; image_icon_custom_padding=&#8221;16px|16px|16px|16px|true|true&#8221; custom_margin=&#8221;||24px||false|false&#8221; custom_padding=&#8221;||0px||false|false&#8221; hover_enabled=&#8221;0&#8243; border_radii_image=&#8221;on|368px|368px|368px|368px&#8221; locked=&#8221;off&#8221; global_colors_info=&#8221;{}&#8221; sticky_enabled=&#8221;0&#8243;]<\/p>\n<p><strong>REKRUTER, Jkps d.o.o.,<\/strong><br \/><span style=\"font-weight: 400;\">Celov\u0161ka cesta 182<\/span>, 1000 Ljubljana<\/p>\n<p>[\/et_pb_blurb][et_pb_blurb use_icon=&#8221;on&#8221; font_icon=&#8221;&#xe090;||divi||400&#8243; icon_color=&#8221;#FFFFFF&#8221; image_icon_background_color=&#8221;#E02B20&#8243; icon_placement=&#8221;left&#8221; image_icon_width=&#8221;16px&#8221; _builder_version=&#8221;4.27.2&#8243; _module_preset=&#8221;default&#8221; body_text_color=&#8221;#10161D&#8221; body_font_size=&#8221;16px&#8221; image_icon_custom_margin=&#8221;0px||||false|false&#8221; image_icon_custom_padding=&#8221;16px|16px|16px|16px|true|true&#8221; custom_margin=&#8221;||35px||false|false&#8221; custom_padding=&#8221;||0px||false|false&#8221; border_radii_image=&#8221;on|368px|368px|368px|368px&#8221; locked=&#8221;off&#8221; global_colors_info=&#8221;{}&#8221;]<\/p>\n<p>Pokli\u010dite nas: <br \/><strong>041 822 849<\/strong> (Luc Horvat)<\/p>\n<p>[\/et_pb_blurb][et_pb_blurb use_icon=&#8221;on&#8221; font_icon=&#8221;&#xf0e0;||fa||900&#8243; icon_color=&#8221;#FFFFFF&#8221; image_icon_background_color=&#8221;#E02B20&#8243; icon_placement=&#8221;left&#8221; image_icon_width=&#8221;16px&#8221; _builder_version=&#8221;4.27.4&#8243; _module_preset=&#8221;default&#8221; body_text_color=&#8221;#10161D&#8221; body_font_size=&#8221;16px&#8221; image_icon_custom_margin=&#8221;-11px||||false|false&#8221; image_icon_custom_padding=&#8221;16px|16px|16px|16px|true|true&#8221; custom_margin=&#8221;0px||35px||false|false&#8221; custom_padding=&#8221;||0px||false|false&#8221; border_radii_image=&#8221;on|368px|368px|368px|368px&#8221; locked=&#8221;off&#8221; global_colors_info=&#8221;{}&#8221;]<\/p>\n<p>Email: <strong>luc@rekruter.si<\/strong><\/p>\n<p>[\/et_pb_blurb][et_pb_text _builder_version=&#8221;4.27.2&#8243; _module_preset=&#8221;default&#8221; header_3_font=&#8221;||||||||&#8221; header_3_text_color=&#8221;#F2F5F7&#8243; header_3_font_size=&#8221;16px&#8221; header_3_line_height=&#8221;1.3em&#8221; background_color=&#8221;#10161D&#8221; custom_margin=&#8221;0px||||false|false&#8221; custom_padding=&#8221;24px|24px|24px|24px|false|false&#8221; border_radii=&#8221;on|8px|8px|8px|8px&#8221; global_colors_info=&#8221;{}&#8221;]<\/p>\n<h3><strong>Stopite v stik z nami in poskrbeli bomo, da bodo va\u0161i kadrovski procesi enostavni, u\u010dinkoviti in skladni z zakonodajo.<\/strong><\/h3>\n<p>[\/et_pb_text][\/et_pb_column][et_pb_column type=&#8221;2_5&#8243; _builder_version=&#8221;4.27.2&#8243; _module_preset=&#8221;default&#8221; global_colors_info=&#8221;{}&#8221;][\/et_pb_column][\/et_pb_row][\/et_pb_section]<\/p>\n","protected":false},"excerpt":{"rendered":"<p>STOPITE V STIK Z NAMIKontaktirajte nasPotrebujete strokovno kadrovsko svetovanje ali podporo pri upravljanju kadrovskih procesov?Vedno smo dostopni za va\u0161a vpra\u0161anja in pripravljeni, da skupaj z vami poi\u0161\u010demo najbolj\u0161e re\u0161itve.REKRUTER, Jkps d.o.o.,Celov\u0161ka cesta 182, 1000 LjubljanaPokli\u010dite nas: 041 822 849 (Luc Horvat)Email: luc@rekruter.siStopite v stik z nami in poskrbeli bomo, da bodo va\u0161i kadrovski procesi enostavni, [&hellip;]<\/p>\n","protected":false},"author":1,"featured_media":0,"parent":0,"menu_order":0,"comment_status":"closed","ping_status":"closed","template":"","meta":{"_et_pb_use_builder":"on","_et_pb_old_content":"<!-- wp:divi\/placeholder \/-->","_et_gb_content_width":"","footnotes":""},"class_list":["post-30","page","type-page","status-publish","hentry"],"yoast_head":"<!-- This site is optimized with the Yoast SEO plugin v27.4 - https:\/\/yoast.com\/product\/yoast-seo-wordpress\/ -->\r\n<title>Kontakt \u2013 strokovno kadrovsko svetovanje in podpora<\/title>\r\n<meta name=\"description\" content=\"I\u0161\u010dete kadrovsko svetovanje ali pravno ureditev? Kontaktirajte nas \u2013 zanesljiva ekipa za u\u010dinkovite, prilagojene in zakonite HR re\u0161itve.\" \/>\r\n<meta name=\"robots\" content=\"index, follow, max-snippet:-1, max-image-preview:large, max-video-preview:-1\" \/>\r\n<link rel=\"canonical\" href=\"https:\/\/kadrovsko-svetovanje.si\/index.php\/kontakt\/\" \/>\r\n<meta property=\"og:locale\" content=\"en_US\" \/>\r\n<meta property=\"og:type\" content=\"article\" \/>\r\n<meta property=\"og:title\" content=\"Kontakt \u2013 strokovno kadrovsko svetovanje in podpora\" \/>\r\n<meta property=\"og:description\" content=\"I\u0161\u010dete kadrovsko svetovanje ali pravno ureditev? Kontaktirajte nas \u2013 zanesljiva ekipa za u\u010dinkovite, prilagojene in zakonite HR re\u0161itve.\" \/>\r\n<meta property=\"og:url\" content=\"https:\/\/kadrovsko-svetovanje.si\/index.php\/kontakt\/\" \/>\r\n<meta property=\"og:site_name\" content=\"Kadrovski In\u017eeniring\" \/>\r\n<meta property=\"article:modified_time\" content=\"2025-04-07T08:42:46+00:00\" \/>\r\n<meta property=\"og:image\" content=\"https:\/\/kadrovsko-svetovanje.si\/wp-content\/uploads\/2025\/03\/hero-ki-1-scaled.jpg\" \/>\r\n\t<meta property=\"og:image:width\" content=\"2560\" \/>\r\n\t<meta property=\"og:image:height\" content=\"1122\" \/>\r\n\t<meta property=\"og:image:type\" content=\"image\/jpeg\" \/>\r\n<meta name=\"twitter:card\" content=\"summary_large_image\" \/>\r\n<meta name=\"twitter:label1\" content=\"Est. reading time\" \/>\n\t<meta name=\"twitter:data1\" content=\"1 minute\" \/>\r\n<script type=\"application\/ld+json\" class=\"yoast-schema-graph\">{\"@context\":\"https:\\\/\\\/schema.org\",\"@graph\":[{\"@type\":\"WebPage\",\"@id\":\"https:\\\/\\\/kadrovsko-svetovanje.si\\\/index.php\\\/kontakt\\\/\",\"url\":\"https:\\\/\\\/kadrovsko-svetovanje.si\\\/index.php\\\/kontakt\\\/\",\"name\":\"Kontakt \u2013 strokovno kadrovsko svetovanje in podpora\",\"isPartOf\":{\"@id\":\"https:\\\/\\\/kadrovsko-svetovanje.si\\\/#website\"},\"datePublished\":\"2025-03-31T15:59:07+00:00\",\"dateModified\":\"2025-04-07T08:42:46+00:00\",\"description\":\"I\u0161\u010dete kadrovsko svetovanje ali pravno ureditev? Kontaktirajte nas \u2013 zanesljiva ekipa za u\u010dinkovite, prilagojene in zakonite HR re\u0161itve.\",\"breadcrumb\":{\"@id\":\"https:\\\/\\\/kadrovsko-svetovanje.si\\\/index.php\\\/kontakt\\\/#breadcrumb\"},\"inLanguage\":\"en-US\",\"potentialAction\":[{\"@type\":\"ReadAction\",\"target\":[\"https:\\\/\\\/kadrovsko-svetovanje.si\\\/index.php\\\/kontakt\\\/\"]}]},{\"@type\":\"BreadcrumbList\",\"@id\":\"https:\\\/\\\/kadrovsko-svetovanje.si\\\/index.php\\\/kontakt\\\/#breadcrumb\",\"itemListElement\":[{\"@type\":\"ListItem\",\"position\":1,\"name\":\"Home\",\"item\":\"https:\\\/\\\/kadrovsko-svetovanje.si\\\/\"},{\"@type\":\"ListItem\",\"position\":2,\"name\":\"Kontakt\"}]},{\"@type\":\"WebSite\",\"@id\":\"https:\\\/\\\/kadrovsko-svetovanje.si\\\/#website\",\"url\":\"https:\\\/\\\/kadrovsko-svetovanje.si\\\/\",\"name\":\"Kadrovski In\u017eeniring\",\"description\":\"Strokovna kadrovska podpora za podjetja \u2013 u\u010dinkovito, prilagojeno in skladno z zakonodajo\",\"potentialAction\":[{\"@type\":\"SearchAction\",\"target\":{\"@type\":\"EntryPoint\",\"urlTemplate\":\"https:\\\/\\\/kadrovsko-svetovanje.si\\\/?s={search_term_string}\"},\"query-input\":{\"@type\":\"PropertyValueSpecification\",\"valueRequired\":true,\"valueName\":\"search_term_string\"}}],\"inLanguage\":\"en-US\"}]}<\/script>\r\n<!-- \/ Yoast SEO plugin. -->","yoast_head_json":{"title":"Kontakt \u2013 strokovno kadrovsko svetovanje in podpora","description":"I\u0161\u010dete kadrovsko svetovanje ali pravno ureditev? Kontaktirajte nas \u2013 zanesljiva ekipa za u\u010dinkovite, prilagojene in zakonite HR re\u0161itve.","robots":{"index":"index","follow":"follow","max-snippet":"max-snippet:-1","max-image-preview":"max-image-preview:large","max-video-preview":"max-video-preview:-1"},"canonical":"https:\/\/kadrovsko-svetovanje.si\/index.php\/kontakt\/","og_locale":"en_US","og_type":"article","og_title":"Kontakt \u2013 strokovno kadrovsko svetovanje in podpora","og_description":"I\u0161\u010dete kadrovsko svetovanje ali pravno ureditev? Kontaktirajte nas \u2013 zanesljiva ekipa za u\u010dinkovite, prilagojene in zakonite HR re\u0161itve.","og_url":"https:\/\/kadrovsko-svetovanje.si\/index.php\/kontakt\/","og_site_name":"Kadrovski In\u017eeniring","article_modified_time":"2025-04-07T08:42:46+00:00","og_image":[{"width":2560,"height":1122,"url":"https:\/\/kadrovsko-svetovanje.si\/wp-content\/uploads\/2025\/03\/hero-ki-1-scaled.jpg","type":"image\/jpeg"}],"twitter_card":"summary_large_image","twitter_misc":{"Est. reading time":"1 minute"},"schema":{"@context":"https:\/\/schema.org","@graph":[{"@type":"WebPage","@id":"https:\/\/kadrovsko-svetovanje.si\/index.php\/kontakt\/","url":"https:\/\/kadrovsko-svetovanje.si\/index.php\/kontakt\/","name":"Kontakt \u2013 strokovno kadrovsko svetovanje in podpora","isPartOf":{"@id":"https:\/\/kadrovsko-svetovanje.si\/#website"},"datePublished":"2025-03-31T15:59:07+00:00","dateModified":"2025-04-07T08:42:46+00:00","description":"I\u0161\u010dete kadrovsko svetovanje ali pravno ureditev? Kontaktirajte nas \u2013 zanesljiva ekipa za u\u010dinkovite, prilagojene in zakonite HR re\u0161itve.","breadcrumb":{"@id":"https:\/\/kadrovsko-svetovanje.si\/index.php\/kontakt\/#breadcrumb"},"inLanguage":"en-US","potentialAction":[{"@type":"ReadAction","target":["https:\/\/kadrovsko-svetovanje.si\/index.php\/kontakt\/"]}]},{"@type":"BreadcrumbList","@id":"https:\/\/kadrovsko-svetovanje.si\/index.php\/kontakt\/#breadcrumb","itemListElement":[{"@type":"ListItem","position":1,"name":"Home","item":"https:\/\/kadrovsko-svetovanje.si\/"},{"@type":"ListItem","position":2,"name":"Kontakt"}]},{"@type":"WebSite","@id":"https:\/\/kadrovsko-svetovanje.si\/#website","url":"https:\/\/kadrovsko-svetovanje.si\/","name":"Kadrovski In\u017eeniring","description":"Strokovna kadrovska podpora za podjetja \u2013 u\u010dinkovito, prilagojeno in skladno z zakonodajo","potentialAction":[{"@type":"SearchAction","target":{"@type":"EntryPoint","urlTemplate":"https:\/\/kadrovsko-svetovanje.si\/?s={search_term_string}"},"query-input":{"@type":"PropertyValueSpecification","valueRequired":true,"valueName":"search_term_string"}}],"inLanguage":"en-US"}]}},"_links":{"self":[{"href":"https:\/\/kadrovsko-svetovanje.si\/index.php\/wp-json\/wp\/v2\/pages\/30","targetHints":{"allow":["GET"]}}],"collection":[{"href":"https:\/\/kadrovsko-svetovanje.si\/index.php\/wp-json\/wp\/v2\/pages"}],"about":[{"href":"https:\/\/kadrovsko-svetovanje.si\/index.php\/wp-json\/wp\/v2\/types\/page"}],"author":[{"embeddable":true,"href":"https:\/\/kadrovsko-svetovanje.si\/index.php\/wp-json\/wp\/v2\/users\/1"}],"replies":[{"embeddable":true,"href":"https:\/\/kadrovsko-svetovanje.si\/index.php\/wp-json\/wp\/v2\/comments?post=30"}],"version-history":[{"count":6,"href":"https:\/\/kadrovsko-svetovanje.si\/index.php\/wp-json\/wp\/v2\/pages\/30\/revisions"}],"predecessor-version":[{"id":206,"href":"https:\/\/kadrovsko-svetovanje.si\/index.php\/wp-json\/wp\/v2\/pages\/30\/revisions\/206"}],"wp:attachment":[{"href":"https:\/\/kadrovsko-svetovanje.si\/index.php\/wp-json\/wp\/v2\/media?parent=30"}],"curies":[{"name":"wp","href":"https:\/\/api.w.org\/{rel}","templated":true}]}}